{"id":2,"date":"2016-01-11T05:45:50","date_gmt":"2016-01-11T04:45:50","guid":{"rendered":"http:\/\/efg-sehma.de\/?page_id=2"},"modified":"2018-08-04T07:11:37","modified_gmt":"2018-08-04T06:11:37","slug":"waswirglauben","status":"publish","type":"page","link":"https:\/\/efg-sehma.de\/?page_id=2","title":{"rendered":"Was wir glauben"},"content":{"rendered":"<p>&nbsp;<\/p>\n<ul>\n<li>Wir glauben, dass der Urtext der Bibel die irrtumslose Offenbarung Gottes ist.<\/li>\n<\/ul>\n<ul>\n<li>Gott ist Sch\u00f6pfer der Erde, des Universums und der Menschen. Das begr\u00fcndet unsere Verantwortlichkeit Gott gegen\u00fcber und sein Recht, \u00fcber alle Menschen zu richten.<\/li>\n<\/ul>\n<ul>\n<li>Wir glauben, dass Jesus von Nazareth der Sohn Gottes ist, der als Mensch auf diese Welt kam, um uns vor dem Zorn dieses richtenden Gottes zu retten.<\/li>\n<\/ul>\n<ul>\n<li>Alle Menschen sind biologische Nachkommen Adams, der gegen Gott s\u00fcndigte. Diese S\u00fcnde zog den Tod nach sich, dem bis heute alle Menschen verfallen sind.<\/li>\n<\/ul>\n<ul>\n<li>Obwohl Jesus als einziger Mensch nicht h\u00e4tte sterben m\u00fcssen, weil er ohne S\u00fcnde war, starb er am Kreuz an unserer Stelle.<\/li>\n<\/ul>\n<ul>\n<li>Weil er aber v\u00f6llig gerecht war, hat Gott ihn aus den Toten auferweckt.<\/li>\n<\/ul>\n<ul>\n<li>Wer das f\u00fcr wahr h\u00e4lt, wird in dem Gericht Gottes nicht verurteilt, sondern bekommt von Gott ewiges Leben geschenkt, so wie er von Adam den Tod geerbt hat.<\/li>\n<\/ul>\n<ul>\n<li>Wir erwarten, dass Jesus Christus als der von Gott eingesetzte Richter wiederkommt. Dann wird alle Ungerechtigkeit der Welt ein Ende haben.<\/li>\n<\/ul>\n<ul>\n<li>Unter seiner Herrschaft wird alle unsere Sehnsucht nach Gerechtigkeit und Gl\u00fcck gestillt werden.<\/li>\n<\/ul>\n<ul>\n<li>Dies ist nur ein Versuch, die wesentlichen Dinge, \u00fcber die Gott uns in der Bibel informiert hat, kurz zusammenzufassen.<\/li>\n<\/ul>\n","protected":false},"excerpt":{"rendered":"<p>&nbsp; Wir glauben, dass der Urtext der Bibel die irrtumslose Offenbarung Gottes ist. Gott ist Sch\u00f6pfer der Erde, des Universums und der Menschen. Das begr\u00fcndet unsere Verantwortlichkeit Gott gegen\u00fcber und sein Recht, \u00fcber alle Menschen zu richten. Wir glauben, dass Jesus von Nazareth der Sohn Gottes ist, der als Mensch auf diese Welt kam, um &#8230; <span class=\"more\"><a class=\"more-link\" href=\"https:\/\/efg-sehma.de\/?page_id=2\">[Read more&#8230;]<\/a><\/span><\/p>\n","protected":false},"author":1,"featured_media":46,"parent":0,"menu_order":2,"comment_status":"closed","ping_status":"closed","template":"","meta":{"footnotes":""},"class_list":{"0":"entry","1":"page","2":"publish","3":"author-efgsehma","4":"post-2","6":"has-post-thumbnail"},"_links":{"self":[{"href":"https:\/\/efg-sehma.de\/index.php?rest_route=\/wp\/v2\/pages\/2","targetHints":{"allow":["GET"]}}],"collection":[{"href":"https:\/\/efg-sehma.de\/index.php?rest_route=\/wp\/v2\/pages"}],"about":[{"href":"https:\/\/efg-sehma.de\/index.php?rest_route=\/wp\/v2\/types\/page"}],"author":[{"embeddable":true,"href":"https:\/\/efg-sehma.de\/index.php?rest_route=\/wp\/v2\/users\/1"}],"replies":[{"embeddable":true,"href":"https:\/\/efg-sehma.de\/index.php?rest_route=%2Fwp%2Fv2%2Fcomments&post=2"}],"version-history":[{"count":7,"href":"https:\/\/efg-sehma.de\/index.php?rest_route=\/wp\/v2\/pages\/2\/revisions"}],"predecessor-version":[{"id":121,"href":"https:\/\/efg-sehma.de\/index.php?rest_route=\/wp\/v2\/pages\/2\/revisions\/121"}],"wp:featuredmedia":[{"embeddable":true,"href":"https:\/\/efg-sehma.de\/index.php?rest_route=\/wp\/v2\/media\/46"}],"wp:attachment":[{"href":"https:\/\/efg-sehma.de\/index.php?rest_route=%2Fwp%2Fv2%2Fmedia&parent=2"}],"curies":[{"name":"wp","href":"https:\/\/api.w.org\/{rel}","templated":true}]}}