{"id":29,"date":"2016-01-20T19:41:09","date_gmt":"2016-01-20T18:41:09","guid":{"rendered":"http:\/\/efg-sehma.de\/?page_id=29"},"modified":"2020-12-19T12:03:58","modified_gmt":"2020-12-19T11:03:58","slug":"kontakt-2","status":"publish","type":"page","link":"https:\/\/efg-sehma.de\/?page_id=29","title":{"rendered":"Kontakt"},"content":{"rendered":"<p>&nbsp;<\/p>\n<p><b>Evangelisch-Freikirchliche Gemeinde Sehma<br \/>\nim Bund Evangelisch-Freikirchlicher Gemeinden in Deutschland K.d.\u00f6.R.<\/b><\/p>\n<p>Karlsbader Str. 42<br \/>\n09465 Sehmatal &#8211; Sehma<\/p>\n<p><u>Ansprechpartner:<\/u><br \/>\nUwe B\u00f6ttger<br \/>\nTel.: (03733) 66685<br \/>\neMail: kontakt@efg-sehma.de<\/p>\n<p>&nbsp;<br \/>\n<b><u>Spenden:<\/u><\/b><\/p>\n<p>Wir finanzieren uns ausschlie\u00dflich durch Spenden.<br \/>\nGerne k\u00f6nnen Sie unsere Arbeit durch eine Spende auf folgendes Konto unterst\u00fctzen:<\/p>\n<p>IBAN: DE45 5009 2100 0000 7230 02<br \/>\nBIC:&nbsp;&nbsp;&nbsp;GENODE51BH2<\/p>\n<p><i>Vielen Dank!<\/i><\/p>\n<p>Im Verwendungszweck bitte angeben: Spende EFG Sehma und vollst\u00e4ndige Adresse des Spenders.<br \/>\nAuf Wunsch k\u00f6nnen Spendenbescheinigungen ausgestellt werden.<br \/>\n&nbsp;<br \/>\n&nbsp;<br \/>\n<b><u>Der Weg zu uns:<\/u><\/b><\/p>\n<p><iframe loading=\"lazy\" src=\"https:\/\/www.google.com\/maps\/embed?pb=!1m18!1m12!1m3!1d2535.7448577569235!2d12.992894615734562!3d50.53891677948758!2m3!1f0!2f0!3f0!3m2!1i1024!2i768!4f13.1!3m3!1m2!1s0x47a0ac2b07dbaa57%3A0x526482e535a8ef03!2sEvangelisch-Freikirchliche+Gemeinde+Sehma!5e0!3m2!1sde!2sde!4v1465924065806\" style=\"border:0\" allowfullscreen=\"\" width=\"600\" height=\"450\" frameborder=\"0\"><\/iframe><\/p>\n","protected":false},"excerpt":{"rendered":"<p>&nbsp; Evangelisch-Freikirchliche Gemeinde Sehma im Bund Evangelisch-Freikirchlicher Gemeinden in Deutschland K.d.\u00f6.R. Karlsbader Str. 42 09465 Sehmatal &#8211; Sehma Ansprechpartner: Uwe B\u00f6ttger Tel.: (03733) 66685 eMail: kontakt@efg-sehma.de &nbsp; Spenden: Wir finanzieren uns ausschlie\u00dflich durch Spenden. Gerne k\u00f6nnen Sie unsere Arbeit durch eine Spende auf folgendes Konto unterst\u00fctzen: IBAN: DE45 5009 2100 0000 7230 02 BIC:&nbsp;&nbsp;&nbsp;GENODE51BH2 Vielen &#8230; <span class=\"more\"><a class=\"more-link\" href=\"https:\/\/efg-sehma.de\/?page_id=29\">[Read more&#8230;]<\/a><\/span><\/p>\n","protected":false},"author":1,"featured_media":43,"parent":0,"menu_order":5,"comment_status":"closed","ping_status":"closed","template":"page-full-width.php","meta":{"footnotes":""},"class_list":{"0":"entry","1":"page","2":"publish","3":"author-efgsehma","4":"post-29","6":"has-post-thumbnail"},"_links":{"self":[{"href":"https:\/\/efg-sehma.de\/index.php?rest_route=\/wp\/v2\/pages\/29","targetHints":{"allow":["GET"]}}],"collection":[{"href":"https:\/\/efg-sehma.de\/index.php?rest_route=\/wp\/v2\/pages"}],"about":[{"href":"https:\/\/efg-sehma.de\/index.php?rest_route=\/wp\/v2\/types\/page"}],"author":[{"embeddable":true,"href":"https:\/\/efg-sehma.de\/index.php?rest_route=\/wp\/v2\/users\/1"}],"replies":[{"embeddable":true,"href":"https:\/\/efg-sehma.de\/index.php?rest_route=%2Fwp%2Fv2%2Fcomments&post=29"}],"version-history":[{"count":22,"href":"https:\/\/efg-sehma.de\/index.php?rest_route=\/wp\/v2\/pages\/29\/revisions"}],"predecessor-version":[{"id":1116,"href":"https:\/\/efg-sehma.de\/index.php?rest_route=\/wp\/v2\/pages\/29\/revisions\/1116"}],"wp:featuredmedia":[{"embeddable":true,"href":"https:\/\/efg-sehma.de\/index.php?rest_route=\/wp\/v2\/media\/43"}],"wp:attachment":[{"href":"https:\/\/efg-sehma.de\/index.php?rest_route=%2Fwp%2Fv2%2Fmedia&parent=29"}],"curies":[{"name":"wp","href":"https:\/\/api.w.org\/{rel}","templated":true}]}}